{"id":13,"date":"2026-01-23T13:41:13","date_gmt":"2026-01-23T16:41:13","guid":{"rendered":"https:\/\/transparenciagov.com.br\/pm\/santa-terezinha-site\/?page_id=13"},"modified":"2026-01-23T13:41:13","modified_gmt":"2026-01-23T16:41:13","slug":"prefeito","status":"publish","type":"page","link":"https:\/\/transparenciagov.com.br\/pm\/santa-terezinha-site\/prefeito\/","title":{"rendered":"Prefeito"},"content":{"rendered":"\n<div class=\"wp-block-group is-content-justification-center is-nowrap is-layout-flex wp-container-core-group-is-layout-94bc23d7 wp-block-group-is-layout-flex\"><div class=\"wp-block-image\">\n<figure class=\"aligncenter size-full\"><img loading=\"lazy\" decoding=\"async\" width=\"161\" height=\"225\" src=\"https:\/\/transparenciagov.com.br\/pm\/santa-terezinha-site\/wp-content\/uploads\/2026\/01\/go3lv6k2.jpg\" alt=\"\" class=\"wp-image-14\"\/><\/figure>\n<\/div><\/div>\n\n\n\n<h3 class=\"wp-block-heading has-text-align-center has-text-color has-link-color wp-elements-1b48d04c2676892930fe9dd321d48018\" style=\"color:#f39c12\">ADEILSON LUSTOSA DA SILVA<\/h3>\n\n\n\n<p>Natural do munic\u00edpio de M\u00e3e D&#8217;\u00c1gua, Para\u00edba, Adeilson Lustosa da Silva, conhecido como Delson Lustosa, nasceu em 28 de janeiro de 1968. Com uma s\u00f3lida trajet\u00f3ria pol\u00edtica, Delson Lustosa \u00e9 um l\u00edder reconhecido pela sua dedica\u00e7\u00e3o ao desenvolvimento de Santa Terezinha, Pernambuco. Prefeito experiente, exerce o cargo com responsabilidade e vis\u00e3o estrat\u00e9gica, sempre focado no bem-estar da popula\u00e7\u00e3o. Solteiro, foi reeleito pela coliga\u00e7\u00e3o &#8220;Uni\u00e3o, Trabalho e Progresso&#8221;, composta pelos partidos PP, Podemos e PSB, consolidando sua gest\u00e3o como uma refer\u00eancia em planejamento e execu\u00e7\u00e3o de pol\u00edticas p\u00fablicas voltadas ao progresso econ\u00f4mico e social do munic\u00edpio. Sua lideran\u00e7a reafirma o compromisso com o futuro e o crescimento sustent\u00e1vel de Santa Terezinha.<\/p>\n","protected":false},"excerpt":{"rendered":"<p>ADEILSON LUSTOSA DA SILVA Natural do munic\u00edpio de M\u00e3e D&#8217;\u00c1gua, Para\u00edba, Adeilson Lustosa da Silva, conhecido como Delson Lustosa, nasceu em 28 de janeiro de 1968. Com uma s\u00f3lida trajet\u00f3ria pol\u00edtica, Delson Lustosa \u00e9 um l\u00edder reconhecido pela sua dedica\u00e7\u00e3o ao desenvolvimento de Santa Terezinha, Pernambuco. Prefeito experiente, exerce o cargo com responsabilidade e vis\u00e3o [&#8230;]<\/p>\n<p><a class=\"btn btn-secondary understrap-read-more-link\" href=\"https:\/\/transparenciagov.com.br\/pm\/santa-terezinha-site\/prefeito\/\">Leia mais&#8230;<\/a><\/p>\n","protected":false},"author":1,"featured_media":0,"parent":0,"menu_order":0,"comment_status":"closed","ping_status":"closed","template":"","meta":{"footnotes":""},"class_list":["post-13","page","type-page","status-publish","hentry"],"_links":{"self":[{"href":"https:\/\/transparenciagov.com.br\/pm\/santa-terezinha-site\/wp-json\/wp\/v2\/pages\/13","targetHints":{"allow":["GET"]}}],"collection":[{"href":"https:\/\/transparenciagov.com.br\/pm\/santa-terezinha-site\/wp-json\/wp\/v2\/pages"}],"about":[{"href":"https:\/\/transparenciagov.com.br\/pm\/santa-terezinha-site\/wp-json\/wp\/v2\/types\/page"}],"author":[{"embeddable":true,"href":"https:\/\/transparenciagov.com.br\/pm\/santa-terezinha-site\/wp-json\/wp\/v2\/users\/1"}],"replies":[{"embeddable":true,"href":"https:\/\/transparenciagov.com.br\/pm\/santa-terezinha-site\/wp-json\/wp\/v2\/comments?post=13"}],"version-history":[{"count":1,"href":"https:\/\/transparenciagov.com.br\/pm\/santa-terezinha-site\/wp-json\/wp\/v2\/pages\/13\/revisions"}],"predecessor-version":[{"id":15,"href":"https:\/\/transparenciagov.com.br\/pm\/santa-terezinha-site\/wp-json\/wp\/v2\/pages\/13\/revisions\/15"}],"wp:attachment":[{"href":"https:\/\/transparenciagov.com.br\/pm\/santa-terezinha-site\/wp-json\/wp\/v2\/media?parent=13"}],"curies":[{"name":"wp","href":"https:\/\/api.w.org\/{rel}","templated":true}]}}