{"id":16,"date":"2026-01-23T13:43:14","date_gmt":"2026-01-23T16:43:14","guid":{"rendered":"https:\/\/transparenciagov.com.br\/pm\/santa-terezinha-site\/?page_id=16"},"modified":"2026-01-23T13:43:14","modified_gmt":"2026-01-23T16:43:14","slug":"vice-prefeito","status":"publish","type":"page","link":"https:\/\/transparenciagov.com.br\/pm\/santa-terezinha-site\/vice-prefeito\/","title":{"rendered":"Vice-Prefeito"},"content":{"rendered":"<div class=\"wp-block-image\">\n<figure class=\"aligncenter size-full\"><img loading=\"lazy\" decoding=\"async\" width=\"161\" height=\"225\" src=\"https:\/\/transparenciagov.com.br\/pm\/santa-terezinha-site\/wp-content\/uploads\/2026\/01\/gwhnczfx.jpg\" alt=\"\" class=\"wp-image-17\"\/><\/figure>\n<\/div>\n\n\n<h3 class=\"wp-block-heading has-text-align-center has-text-color has-link-color wp-elements-ef27a82e2c29f5e1bb7503b666e5617b\" style=\"color:#f39c12\"><strong>JAIZINHO FERREIRA DE ANDRADE<\/strong><\/h3>\n\n\n\n<p>Natural de Santa Terezinha, Pernambuco, Jaizinho Ferreira de Andrade, conhecido como Dada de Adeval, nasceu em 21 de julho de 1971. Motorista de transporte de carga e pol\u00edtico experiente, construiu uma trajet\u00f3ria marcada pela dedica\u00e7\u00e3o ao servi\u00e7o p\u00fablico e ao bem-estar da comunidade. Casado, Dada de Adeval exerce o cargo de vice-prefeito, trabalhando em parceria com a gest\u00e3o municipal para implementar pol\u00edticas p\u00fablicas voltadas ao desenvolvimento sustent\u00e1vel de Santa Terezinha. Reeleito pela coliga\u00e7\u00e3o &#8220;Uni\u00e3o, Trabalho e Progresso&#8221;, composta pelos partidos PP, Podemos e PSB, sua atua\u00e7\u00e3o \u00e9 reconhecida pela proximidade com a popula\u00e7\u00e3o e pelo compromisso com o progresso e a melhoria da qualidade de vida no munic\u00edpio.<\/p>\n","protected":false},"excerpt":{"rendered":"<p>JAIZINHO FERREIRA DE ANDRADE Natural de Santa Terezinha, Pernambuco, Jaizinho Ferreira de Andrade, conhecido como Dada de Adeval, nasceu em 21 de julho de 1971. Motorista de transporte de carga e pol\u00edtico experiente, construiu uma trajet\u00f3ria marcada pela dedica\u00e7\u00e3o ao servi\u00e7o p\u00fablico e ao bem-estar da comunidade. Casado, Dada de Adeval exerce o cargo de [&#8230;]<\/p>\n<p><a class=\"btn btn-secondary understrap-read-more-link\" href=\"https:\/\/transparenciagov.com.br\/pm\/santa-terezinha-site\/vice-prefeito\/\">Leia mais&#8230;<\/a><\/p>\n","protected":false},"author":1,"featured_media":0,"parent":0,"menu_order":0,"comment_status":"closed","ping_status":"closed","template":"","meta":{"footnotes":""},"class_list":["post-16","page","type-page","status-publish","hentry"],"_links":{"self":[{"href":"https:\/\/transparenciagov.com.br\/pm\/santa-terezinha-site\/wp-json\/wp\/v2\/pages\/16","targetHints":{"allow":["GET"]}}],"collection":[{"href":"https:\/\/transparenciagov.com.br\/pm\/santa-terezinha-site\/wp-json\/wp\/v2\/pages"}],"about":[{"href":"https:\/\/transparenciagov.com.br\/pm\/santa-terezinha-site\/wp-json\/wp\/v2\/types\/page"}],"author":[{"embeddable":true,"href":"https:\/\/transparenciagov.com.br\/pm\/santa-terezinha-site\/wp-json\/wp\/v2\/users\/1"}],"replies":[{"embeddable":true,"href":"https:\/\/transparenciagov.com.br\/pm\/santa-terezinha-site\/wp-json\/wp\/v2\/comments?post=16"}],"version-history":[{"count":1,"href":"https:\/\/transparenciagov.com.br\/pm\/santa-terezinha-site\/wp-json\/wp\/v2\/pages\/16\/revisions"}],"predecessor-version":[{"id":18,"href":"https:\/\/transparenciagov.com.br\/pm\/santa-terezinha-site\/wp-json\/wp\/v2\/pages\/16\/revisions\/18"}],"wp:attachment":[{"href":"https:\/\/transparenciagov.com.br\/pm\/santa-terezinha-site\/wp-json\/wp\/v2\/media?parent=16"}],"curies":[{"name":"wp","href":"https:\/\/api.w.org\/{rel}","templated":true}]}}