{"id":19,"date":"2026-01-23T13:43:57","date_gmt":"2026-01-23T16:43:57","guid":{"rendered":"https:\/\/transparenciagov.com.br\/pm\/santa-terezinha-site\/?page_id=19"},"modified":"2026-01-23T13:43:57","modified_gmt":"2026-01-23T16:43:57","slug":"hino-municipal","status":"publish","type":"page","link":"https:\/\/transparenciagov.com.br\/pm\/santa-terezinha-site\/hino-municipal\/","title":{"rendered":"Hino Municipal"},"content":{"rendered":"\n<p><strong>Hino do munic\u00edpio de Santa Terezinha<\/strong><\/p>\n\n\n\n<p>O Hino Municipal \u00e9 composto da m\u00fasica de Jo\u00e3o Vanildo da Silva,<br>com arranjo instrumental de Alan Jones Leite Henrique,<\/p>\n\n\n\n<p><br><strong>\u00c9s a Princesa do Sert\u00e3o do Paje\u00fa<br>Formosa e ordeira popula\u00e7\u00e3o consagrada<br>Beleza, teu esplendor<br>Santa Terezinha terra de amor.<\/strong><\/p>\n\n\n\n<p><strong>Sua hist\u00f3ria reluz, mimosa flor<br>Na terra sertaneja, quem desbravou<br>Long\u00ednquo andantes, colonizadores<br>Sob o rev\u00e9s, causticante, envolvente<br>Santa Terezinha tomava for\u00e7a e vigor,<br>Seu povo \u00e9 forte como a cact\u00e1cea<br>Seu brado urge rumo ao porvir<br>Hospitaleiro e l\u00edder em uni\u00e3o<br>Valente qual for\u00e7a<br>Em clamor de a\u00e7\u00e3o.<\/strong><\/p>\n\n\n\n<p><strong>As margens do a\u00e7ude um destino<br>Um marco da primeira celebra\u00e7\u00e3o<br>Seu povo ali inaugurou<br>Em ato de f\u00e9 esperan\u00e7a<br>A comunidade brotou.<\/strong><\/p>\n\n\n\n<p><strong><em>Refr\u00e3o<\/em><\/strong><\/p>\n\n\n\n<p><strong>De caatinga a comunal<br>De tra\u00e7os pernambucanos<br>De ardor t\u00e3o brasileiro<br>Do tr\u00f3pico \u00e1rido secante<br>\u00c9s soberana e encanta<br>Ao mais nobre escritor.<\/strong><\/p>\n\n\n\n<p><strong>Que o tempo chama aqui<br>No azul do seu cintilante<br>E no luar do sert\u00e3o<br>Santa Terezinha zela por ti.<\/strong><\/p>\n\n\n\n<p><strong>No porvir h\u00e1 uma espera<\/strong><\/p>\n","protected":false},"excerpt":{"rendered":"<p>Hino do munic\u00edpio de Santa Terezinha O Hino Municipal \u00e9 composto da m\u00fasica de Jo\u00e3o Vanildo da Silva,com arranjo instrumental de Alan Jones Leite Henrique, \u00c9s a Princesa do Sert\u00e3o do Paje\u00faFormosa e ordeira popula\u00e7\u00e3o consagradaBeleza, teu esplendorSanta Terezinha terra de amor. Sua hist\u00f3ria reluz, mimosa florNa terra sertaneja, quem desbravouLong\u00ednquo andantes, colonizadoresSob o rev\u00e9s, [&#8230;]<\/p>\n<p><a class=\"btn btn-secondary understrap-read-more-link\" href=\"https:\/\/transparenciagov.com.br\/pm\/santa-terezinha-site\/hino-municipal\/\">Leia mais&#8230;<\/a><\/p>\n","protected":false},"author":1,"featured_media":0,"parent":0,"menu_order":0,"comment_status":"closed","ping_status":"closed","template":"","meta":{"footnotes":""},"class_list":["post-19","page","type-page","status-publish","hentry"],"_links":{"self":[{"href":"https:\/\/transparenciagov.com.br\/pm\/santa-terezinha-site\/wp-json\/wp\/v2\/pages\/19","targetHints":{"allow":["GET"]}}],"collection":[{"href":"https:\/\/transparenciagov.com.br\/pm\/santa-terezinha-site\/wp-json\/wp\/v2\/pages"}],"about":[{"href":"https:\/\/transparenciagov.com.br\/pm\/santa-terezinha-site\/wp-json\/wp\/v2\/types\/page"}],"author":[{"embeddable":true,"href":"https:\/\/transparenciagov.com.br\/pm\/santa-terezinha-site\/wp-json\/wp\/v2\/users\/1"}],"replies":[{"embeddable":true,"href":"https:\/\/transparenciagov.com.br\/pm\/santa-terezinha-site\/wp-json\/wp\/v2\/comments?post=19"}],"version-history":[{"count":1,"href":"https:\/\/transparenciagov.com.br\/pm\/santa-terezinha-site\/wp-json\/wp\/v2\/pages\/19\/revisions"}],"predecessor-version":[{"id":20,"href":"https:\/\/transparenciagov.com.br\/pm\/santa-terezinha-site\/wp-json\/wp\/v2\/pages\/19\/revisions\/20"}],"wp:attachment":[{"href":"https:\/\/transparenciagov.com.br\/pm\/santa-terezinha-site\/wp-json\/wp\/v2\/media?parent=19"}],"curies":[{"name":"wp","href":"https:\/\/api.w.org\/{rel}","templated":true}]}}