{"id":21,"date":"2026-01-23T13:47:40","date_gmt":"2026-01-23T16:47:40","guid":{"rendered":"https:\/\/transparenciagov.com.br\/pm\/santa-terezinha-site\/?page_id=21"},"modified":"2026-01-23T13:47:40","modified_gmt":"2026-01-23T16:47:40","slug":"padroeira","status":"publish","type":"page","link":"https:\/\/transparenciagov.com.br\/pm\/santa-terezinha-site\/padroeira\/","title":{"rendered":"Padroeira"},"content":{"rendered":"<div class=\"wp-block-image\">\n<figure class=\"alignleft size-full is-resized\"><img loading=\"lazy\" decoding=\"async\" width=\"350\" height=\"443\" src=\"https:\/\/transparenciagov.com.br\/pm\/santa-terezinha-site\/wp-content\/uploads\/2026\/01\/b08cb4ff487dba4112e3cfbfbc7310bc-1.jpg\" alt=\"\" class=\"wp-image-23\" style=\"width:164px;height:auto\" srcset=\"https:\/\/transparenciagov.com.br\/pm\/santa-terezinha-site\/wp-content\/uploads\/2026\/01\/b08cb4ff487dba4112e3cfbfbc7310bc-1.jpg 350w, https:\/\/transparenciagov.com.br\/pm\/santa-terezinha-site\/wp-content\/uploads\/2026\/01\/b08cb4ff487dba4112e3cfbfbc7310bc-1-237x300.jpg 237w\" sizes=\"auto, (max-width: 350px) 100vw, 350px\" \/><\/figure>\n<\/div>\n\n\n<p><strong>Santa Tereza do Menino Jesus<\/strong> nasceu no dia 2 de janeiro de 1873 em Alen\u00e7om, baixa Normandia, na Fran\u00e7a. Desde o nascimento foi fraca e doente. Seu nome de batismo era Marie Fran\u00e7oise Th\u00e9r\u00e8se Martin (Maria Francisca Tereza Martin). Filha de Louis Martim, relojoeiro e joalheiro, que quis ser monge na ordem de S\u00e3o Bernardo de Claraval, e Z\u00e9lie Gu\u00e9rin, famosa bordadeira do ponto de Alen\u00e7on.<br><br>Sua m\u00e3e faleceu quando Terezinha tinha apenas quatro anos. Por isso, a menina se apegou \u00e0 sua irm\u00e3 mais velha, Paulina, que passou a ser tida por ela como segunda m\u00e3e. Paulina, por\u00e9m, seguindo a pr\u00f3pria voca\u00e7\u00e3o, entrou para o Carmelo. Terezinha ficou muito doente causando grande preocupa\u00e7\u00e3o em seu pai e irm\u00e3s. Um dia, por\u00e9m, olhando para a imagem da Imaculada Concei\u00e7\u00e3o de Maria, de quem seus pais eram devotos, a Virgem sorriu para Terezinha e esta ficou curada. Desse dia em diante, Terezinha decidiu entrar para o Carmelo. Suas irm\u00e3s, que tamb\u00e9m se tornaram freiras, eram Maria, Paulina, Le\u00f4nia e Celina. Seus 3 irm\u00e3os morreram muito cedo. Terezinha estudou no col\u00e9gio da Abadia das monjas beneditinas de Lisieux por 5 anos.<\/p>\n\n\n\n<p><strong>A vida de Santa Tereza do Menino Jesus<\/strong><\/p>\n\n\n\n<p>Santa Terezinha estava decidida a entrar para a ordem das carmelitas descal\u00e7as, mas como tinha apenas 14 anos, n\u00e3o poderia, por causa das regras da Igreja. Mas ela n\u00e3o desistiu. Numa viagem feita \u00e0 It\u00e1lia, teve a aud\u00e1cia de pedir autoriza\u00e7\u00e3o ao Papa Le\u00e3o Xlll e este concedeu. Assim, em abril de 1888 ela entra para o Carmelo com o nome de Th\u00e9r\u00e8se de I\u2019Enfant Jesus (Tereza do Menino Jesus). Fez sua profiss\u00e3o religiosa em setembro de 1890, festa da Natividade da Virgem Maria, acrescentando em seu nome, Th\u00e9r\u00e8se de I\u2019Enfant Jesus Et de La Sainte Face, (Tereza do Menino Jesus e Sagrada Face).<br><br><strong>Vida de santidade<\/strong><br><br>Santa Terezinha levou a s\u00e9rio o caminho da perfei\u00e7\u00e3o escrito por sua fundadora Santa Tereza de Jesus (Santa Tereza D\u2019\u00c1vila). Por\u00e9m, Terezinha revelou ao mundo que a perfei\u00e7\u00e3o e a santidade podem estar nas pequenas coisas, nos pequenos gestos e obriga\u00e7\u00f5es cotidianas que fazemos com amor. Ela dizia: Sigamos o caminho da simplicidade. Entreguemo-nos com todo o nosso ser ao amor. Em tudo busquemos fazer a vontade de Deus. O zelo pela salva\u00e7\u00e3o das pessoas devore nosso cora\u00e7\u00e3o.<br><br><strong>O Legado de Santa Tereza do Menino Jesus<\/strong><br><br>Santa Terezinha escreveu tr\u00eas manuscritos a pedido de sua irm\u00e3 Paulina. Esses manuscritos s\u00e3o sua autobiografia e foram publicados em 1898 com o t\u00edtulo de Hist\u00f3ria de uma Alma, livro que, posteriormente, veio a se tornar um dos maiores best sellers da hist\u00f3ria.<br><br>Em seus escritos, Terezinha ensina a teologia profunda da simplicidade: a pequena via. Um caminho de santidade baseado nas pequenas coisas, nos pequenos atos do cotidiano que, quando feitos com amor, produzem frutos de santidade. Ela dizia que n\u00e3o tinha for\u00e7as para fazer as grandes obras her\u00f3icas dos santos famosos da Igreja, mas s\u00f3 conseguia fazer pequenas coisas. Mas nessas pequenas coisas estava o segredo de sua santidade. Pegar um alfinete ca\u00eddo no ch\u00e3o, com amor, produz fruto de santidade.<br><br><strong>Mission\u00e1ria sem nunca sair do Carmelo<\/strong><br><br>Santa Tereza do Menino Jesus se tornou a padroeira das miss\u00f5es sem nunca ter sa\u00eddo do Carmelo. Ela dizia: Compreendi que a igreja tinha um Cora\u00e7\u00e3o, e que este cora\u00e7\u00e3o ardia de Amor. Compreendi que s\u00f3 o Amor fazia os membros da igreja agirem, que se o Amor viesse a se apagar, os Ap\u00f3stolos n\u00e3o anunciariam mais o Evangelho, os M\u00e1rtires se recusariam a derramar seu sangue&#8230; Por isso, ela dizia: No cora\u00e7\u00e3o da Igreja, serei o amor. Dizia sempre que o que conta \u00e9 o amor, s\u00f3 o amor. \u00c9 contemplar no outro a pessoa de Jesus. Para ela ser mission\u00e1rio n\u00e3o \u00e9 uma quest\u00e3o de geografia e sim uma quest\u00e3o de amor.<br><br><strong>Santa Tereza do Menino Jesus, a Santa das Rosas<\/strong><br><br>Santa Terezinha ficava feliz quando jogava p\u00e9talas de rosas ao ver passar o Sant\u00edssimo Sacramento no ostens\u00f3rio, e tamb\u00e9m gostava de jogar flores no grande crucifixo que ficava no jardim do Carmelo. Disse antes de morrer: Vou fazer chover sobre o mundo uma chuva de rosas, dizendo assim que iria interceder a Deus, sempre por todos os povos. Por isso, na Novena de Santa Terezinha o fiel espera receber uma rosa como sinal de que seu pedido ser\u00e1 atendido.<br><br><strong>Falecimento de Santa Terezinha<\/strong><br><br>Santa Tereza do Menino Jesus sofreu por quase 3 anos de tuberculose, que, naquela \u00e9poca n\u00e3o tinha cura. Chegou a dizer que jamais pensou que fosse capaz de sofrer tanto, mas teve paci\u00eancia e fez tudo por amor, sem jamais reclamar nem murmurar. Faleceu no dia 30 de setembro de 1897, aos 24 anos. No leito de morte as monjas rezavam e anotavam tudo que ela dizia. Sua \u00faltima frase foi: N\u00e3o me arrependo de haver-me entregue ao amor. E com o olhar fixo no crucifixo exclamou: Meu Deus, eu te amo. Ent\u00e3o, faleceu a jovem que depois foi chamada de a Maior Santa dos tempos modernos.<br><br><strong>Devo\u00e7\u00e3o a Santa Tereza do Menino Jesus<\/strong><br><br>Antes de ser canonizada Santa Tereza do Menino Jesus foi beatificada em abril de 1923. Sua canoniza\u00e7\u00e3o foi feita pelo Papa Pio Xl, em 1925 no dia 17 de maio. No ano de 1927 foi declarada Patrona Universal das Miss\u00f5es Cat\u00f3licas. Foi nomeada Padroeira Secund\u00e1ria da Fran\u00e7a, junto com Santa Joana D\u2019arc. Em 1997 no centen\u00e1rio de sua morte, o Papa Jo\u00e3o Paulo ll, na Carta Apost\u00f3lica, Divinis Amoris Scientia, a declara Doutora da Igreja por causa da sua mensagem da Inf\u00e2ncia Espiritual e da Contempla\u00e7\u00e3o da Face de Cristo. Seus pais, Luis Martin e Z\u00e9lia Guerin, foram beatificados pela Igreja, no ano de 2008, no dia Mundial das Miss\u00f5es, na bas\u00edlica de Lisieux, dedicada a Santa Terezinha.<br><br><strong>Ora\u00e7\u00e3o a Santa Tereza do Menino Jesus<\/strong><br><br>\u00d3 Santa Terezinha, branca e mimosa flor de Jesus e Maria, que embalsamais o Carmelo e o mundo inteiro com vosso suave perfume, chamai-nos e n\u00f3s correremos convosco, ao encontro de Jesus, pelo caminho da ren\u00fancia, do abandono e do amor. Fazei-nos simples e d\u00f3ceis, humildes e confiantes para nosso Pai do c\u00e9u. N\u00e3o permitais que o ofendamos com o pecado. Socorrei-nos em todos os perigos e necessidades; socorrei-nos em todas as afli\u00e7\u00f5es e alcan\u00e7ai-nos todas as gra\u00e7as espirituais e temporais, especialmente a gra\u00e7a que estamos precisando agora, (fazer o pedido). Lembrai-vos \u00f3 Santa Terezinha, que prometestes passar vosso c\u00e9u fazendo o bem a terra, sem descanso, at\u00e9 ver completo o numero de eleitos. Cumpri em n\u00f3s vossa promessa: sede nosso anjo protetor na travessia desta vida e n\u00e3o descanseis at\u00e9 que nos vejais no c\u00e9u, ao vosso lado, contando as ternuras do amor misericordioso do Cora\u00e7\u00e3o de Jesus. Am\u00e9m.<br><br>fonte :&nbsp;<a href=\"https:\/\/cruzterrasanta.com.br\/\">https:\/\/cruzterrasanta.com.br\/<\/a><\/p>\n","protected":false},"excerpt":{"rendered":"<p>Santa Tereza do Menino Jesus nasceu no dia 2 de janeiro de 1873 em Alen\u00e7om, baixa Normandia, na Fran\u00e7a. Desde o nascimento foi fraca e doente. Seu nome de batismo era Marie Fran\u00e7oise Th\u00e9r\u00e8se Martin (Maria Francisca Tereza Martin). Filha de Louis Martim, relojoeiro e joalheiro, que quis ser monge na ordem de S\u00e3o Bernardo [&#8230;]<\/p>\n<p><a class=\"btn btn-secondary understrap-read-more-link\" href=\"https:\/\/transparenciagov.com.br\/pm\/santa-terezinha-site\/padroeira\/\">Leia mais&#8230;<\/a><\/p>\n","protected":false},"author":1,"featured_media":0,"parent":0,"menu_order":0,"comment_status":"closed","ping_status":"closed","template":"","meta":{"footnotes":""},"class_list":["post-21","page","type-page","status-publish","hentry"],"_links":{"self":[{"href":"https:\/\/transparenciagov.com.br\/pm\/santa-terezinha-site\/wp-json\/wp\/v2\/pages\/21","targetHints":{"allow":["GET"]}}],"collection":[{"href":"https:\/\/transparenciagov.com.br\/pm\/santa-terezinha-site\/wp-json\/wp\/v2\/pages"}],"about":[{"href":"https:\/\/transparenciagov.com.br\/pm\/santa-terezinha-site\/wp-json\/wp\/v2\/types\/page"}],"author":[{"embeddable":true,"href":"https:\/\/transparenciagov.com.br\/pm\/santa-terezinha-site\/wp-json\/wp\/v2\/users\/1"}],"replies":[{"embeddable":true,"href":"https:\/\/transparenciagov.com.br\/pm\/santa-terezinha-site\/wp-json\/wp\/v2\/comments?post=21"}],"version-history":[{"count":1,"href":"https:\/\/transparenciagov.com.br\/pm\/santa-terezinha-site\/wp-json\/wp\/v2\/pages\/21\/revisions"}],"predecessor-version":[{"id":24,"href":"https:\/\/transparenciagov.com.br\/pm\/santa-terezinha-site\/wp-json\/wp\/v2\/pages\/21\/revisions\/24"}],"wp:attachment":[{"href":"https:\/\/transparenciagov.com.br\/pm\/santa-terezinha-site\/wp-json\/wp\/v2\/media?parent=21"}],"curies":[{"name":"wp","href":"https:\/\/api.w.org\/{rel}","templated":true}]}}