{"id":25,"date":"2026-01-23T13:48:39","date_gmt":"2026-01-23T16:48:39","guid":{"rendered":"https:\/\/transparenciagov.com.br\/pm\/santa-terezinha-site\/?page_id=25"},"modified":"2026-01-23T13:48:39","modified_gmt":"2026-01-23T16:48:39","slug":"glossario","status":"publish","type":"page","link":"https:\/\/transparenciagov.com.br\/pm\/santa-terezinha-site\/glossario\/","title":{"rendered":"Gloss\u00e1rio"},"content":{"rendered":"\n<p><strong>Introdu\u00e7\u00e3o<\/strong><\/p>\n\n\n\n<p>Este gloss\u00e1rio tem por finalidade apresentar ao cidad\u00e3o online, uma leitura compreensiva sobre os termos de finan\u00e7as p\u00fablicas, com base nas informa\u00e7\u00f5es e dados que s\u00e3o usados em documentos com refer\u00eancia a contabilidade do munic\u00edpio, a partir do conte\u00fado publicado pelo Portal da Transpar\u00eancia. O objetivo desta ferramenta \u00e9 possibilitar o acesso do cidad\u00e3o e prepar\u00e1-lo como agente fiscalizador do er\u00e1rio, no que se refere a rela\u00e7\u00e3o de aplica\u00e7\u00e3o de recursos e investimentos realizados pela gest\u00e3o p\u00fablica.&nbsp;<\/p>\n\n\n\n<p>Qualquer d\u00favida sobre os termos mencionados abaixo ou de outros que n\u00e3o constem deste gloss\u00e1rio, escreva para&nbsp;contato@santaterezinha.pe.gov.br<\/p>\n","protected":false},"excerpt":{"rendered":"<p>Introdu\u00e7\u00e3o Este gloss\u00e1rio tem por finalidade apresentar ao cidad\u00e3o online, uma leitura compreensiva sobre os termos de finan\u00e7as p\u00fablicas, com base nas informa\u00e7\u00f5es e dados que s\u00e3o usados em documentos com refer\u00eancia a contabilidade do munic\u00edpio, a partir do conte\u00fado publicado pelo Portal da Transpar\u00eancia. O objetivo desta ferramenta \u00e9 possibilitar o acesso do cidad\u00e3o [&#8230;]<\/p>\n<p><a class=\"btn btn-secondary understrap-read-more-link\" href=\"https:\/\/transparenciagov.com.br\/pm\/santa-terezinha-site\/glossario\/\">Leia mais&#8230;<\/a><\/p>\n","protected":false},"author":1,"featured_media":0,"parent":0,"menu_order":0,"comment_status":"closed","ping_status":"closed","template":"","meta":{"footnotes":""},"class_list":["post-25","page","type-page","status-publish","hentry"],"_links":{"self":[{"href":"https:\/\/transparenciagov.com.br\/pm\/santa-terezinha-site\/wp-json\/wp\/v2\/pages\/25","targetHints":{"allow":["GET"]}}],"collection":[{"href":"https:\/\/transparenciagov.com.br\/pm\/santa-terezinha-site\/wp-json\/wp\/v2\/pages"}],"about":[{"href":"https:\/\/transparenciagov.com.br\/pm\/santa-terezinha-site\/wp-json\/wp\/v2\/types\/page"}],"author":[{"embeddable":true,"href":"https:\/\/transparenciagov.com.br\/pm\/santa-terezinha-site\/wp-json\/wp\/v2\/users\/1"}],"replies":[{"embeddable":true,"href":"https:\/\/transparenciagov.com.br\/pm\/santa-terezinha-site\/wp-json\/wp\/v2\/comments?post=25"}],"version-history":[{"count":1,"href":"https:\/\/transparenciagov.com.br\/pm\/santa-terezinha-site\/wp-json\/wp\/v2\/pages\/25\/revisions"}],"predecessor-version":[{"id":26,"href":"https:\/\/transparenciagov.com.br\/pm\/santa-terezinha-site\/wp-json\/wp\/v2\/pages\/25\/revisions\/26"}],"wp:attachment":[{"href":"https:\/\/transparenciagov.com.br\/pm\/santa-terezinha-site\/wp-json\/wp\/v2\/media?parent=25"}],"curies":[{"name":"wp","href":"https:\/\/api.w.org\/{rel}","templated":true}]}}