{"id":27,"date":"2026-01-23T16:28:11","date_gmt":"2026-01-23T19:28:11","guid":{"rendered":"https:\/\/transparenciagov.com.br\/pm\/santa-terezinha-site\/?page_id=27"},"modified":"2026-01-23T16:28:11","modified_gmt":"2026-01-23T19:28:11","slug":"perguntas-frequentes","status":"publish","type":"page","link":"https:\/\/transparenciagov.com.br\/pm\/santa-terezinha-site\/perguntas-frequentes\/","title":{"rendered":"Perguntas Frequentes"},"content":{"rendered":"\n<div class=\"portal-faq\">\n\n  <div class=\"faq-item active\">\n    <button class=\"faq-question\">Quem deve divulgar os dados nas p\u00e1ginas de transpar\u00eancia?<span class=\"icon\"><\/span><\/button>\n    <div class=\"faq-answer\"><p>Todos os \u00f3rg\u00e3os e entidades da Administra\u00e7\u00e3o Direta e Indireta (Autarquias, Funda\u00e7\u00f5es, Empresas P\u00fablicas e Sociedades de Economia Mista) do Poder Executivo devem manter, em seus s\u00edtios na Internet, P\u00e1ginas de Transpar\u00eancia P\u00fablica.<\/p><\/div>\n  <\/div>\n\n  <div class=\"faq-item\">\n    <button class=\"faq-question\">Por que o Portal Transpar\u00eancia foi criado?<span class=\"icon\"><\/span><\/button>\n    <div class=\"faq-answer\"><p>Para atender a demanda de informa\u00e7\u00f5es sobre gest\u00e3o p\u00fablica, bem como cumprir as determina\u00e7\u00f5es constitucionais, visando \u00e0 transpar\u00eancia das contas p\u00fablicas e atendendo a legisla\u00e7\u00e3o espec\u00edfica sobre o tema.<\/p><\/div>\n  <\/div>\n\n  <div class=\"faq-item\">\n    <button class=\"faq-question\">Quais informa\u00e7\u00f5es podem ser encontradas no Portal?<span class=\"icon\"><\/span><\/button>\n    <div class=\"faq-answer\"><p>No Portal est\u00e3o dispon\u00edveis informa\u00e7\u00f5es sobre o Executivo Municipal, incluindo dados sobre: Or\u00e7amentos, Receitas, Despesas, Balan\u00e7os, Presta\u00e7\u00e3o de Contas, Contratos de Gest\u00e3o, Compras, Educa\u00e7\u00e3o Fiscal, Legisla\u00e7\u00e3o e Funcion\u00e1rios.<\/p><\/div>\n  <\/div>\n\n  <div class=\"faq-item\">\n    <button class=\"faq-question\">De onde s\u00e3o obtidos os dados do Portal?<span class=\"icon\"><\/span><\/button>\n    <div class=\"faq-answer\"><p>Os dados s\u00e3o extra\u00eddos do Sistema Operacional da Prefeitura, portanto, as informa\u00e7\u00f5es s\u00e3o din\u00e2micas para Receitas e Despesas. Outras informa\u00e7\u00f5es s\u00e3o extra\u00eddas do pr\u00f3prio site da Prefeitura e algumas est\u00e3o em formato PDF.<\/p><\/div>\n  <\/div>\n\n  <div class=\"faq-item\">\n    <button class=\"faq-question\">Com que frequ\u00eancia o Portal \u00e9 atualizado?<span class=\"icon\"><\/span><\/button>\n    <div class=\"faq-answer\"><p>A atualiza\u00e7\u00e3o do Portal \u00e9 feita diariamente, com as informa\u00e7\u00f5es do dia anterior.<\/p><\/div>\n  <\/div>\n\n  <div class=\"faq-item\">\n    <button class=\"faq-question\">Os dados referentes aos servidores encontram-se no Portal?<span class=\"icon\"><\/span><\/button>\n    <div class=\"faq-answer\"><p>Sim. H\u00e1 uma planilha com todos os funcion\u00e1rios da Prefeitura, seus cargos e \u00f3rg\u00e3os de lota\u00e7\u00e3o.<\/p><\/div>\n  <\/div>\n\n  <div class=\"faq-item\">\n    <button class=\"faq-question\">Como posso tirar d\u00favidas sobre termos, express\u00f5es e siglas?<span class=\"icon\"><\/span><\/button>\n    <div class=\"faq-answer\"><p>Os termos, express\u00f5es e siglas podem ser consultados no Gloss\u00e1rio, ou por meio do e-mail. D\u00favidas, sugest\u00f5es e reclama\u00e7\u00f5es podem ser feitas por meio do canal \u201cFale Conosco\u201d, por e-mail ou telefone.<\/p><\/div>\n  <\/div>\n\n  <div class=\"faq-item\">\n    <button class=\"faq-question\">Como posso tirar d\u00favidas sobre a navega\u00e7\u00e3o do Portal?<span class=\"icon\"><\/span><\/button>\n    <div class=\"faq-answer\"><p>Consulte o Manual de Navega\u00e7\u00e3o para encontrar a informa\u00e7\u00e3o desejada.<\/p><\/div>\n  <\/div>\n\n  <div class=\"faq-item\">\n    <button class=\"faq-question\">O Portal disponibiliza informa\u00e7\u00f5es sobre a arrecada\u00e7\u00e3o do Munic\u00edpio?<span class=\"icon\"><\/span><\/button>\n    <div class=\"faq-answer\"><p>Sim. A informa\u00e7\u00e3o que est\u00e1 no link \u201cReceitas\u201d demonstra o quanto \u00e9 arrecadado e transferido para o Munic\u00edpio.<\/p><\/div>\n  <\/div>\n\n  <div class=\"faq-item\">\n    <button class=\"faq-question\">Que tipo de informa\u00e7\u00f5es encontro nas Despesas?<span class=\"icon\"><\/span><\/button>\n    <div class=\"faq-answer\"><p>S\u00e3o informa\u00e7\u00f5es sobre o total das despesas, por \u00f3rg\u00e3o, por fun\u00e7\u00e3o, por programa e\/ou por credor. H\u00e1 tamb\u00e9m informa\u00e7\u00f5es sobre valor or\u00e7ado; valor empenhado, liquidado ou pago; credor, n\u00famero do empenho; processo licitat\u00f3rio, data e descri\u00e7\u00e3o dos itens do empenho.<\/p><\/div>\n  <\/div>\n\n  <div class=\"faq-item\">\n    <button class=\"faq-question\">Onde est\u00e3o as despesas do Legislativo?<span class=\"icon\"><\/span><\/button>\n    <div class=\"faq-answer\"><p>As despesas do Legislativo est\u00e3o no item \u201cSaiba +\u201d ou no link \u201cPortal da Transpar\u00eancia\u201d.<\/p><\/div>\n  <\/div>\n\n  <div class=\"faq-item\">\n    <button class=\"faq-question\">O que encontro no menu \u201cLegisla\u00e7\u00e3o\u201d?<span class=\"icon\"><\/span><\/button>\n    <div class=\"faq-answer\"><p>Neste link \u00e9 poss\u00edvel consultar as leis e decretos do Munic\u00edpio e tamb\u00e9m a Legisla\u00e7\u00e3o Federal.<\/p><\/div>\n  <\/div>\n\n  <div class=\"faq-item\">\n    <button class=\"faq-question\">Como fa\u00e7o para acompanhar a publica\u00e7\u00e3o dos atos oficiais do Munic\u00edpio?<span class=\"icon\"><\/span><\/button>\n    <div class=\"faq-answer\"><p>Todos os atos oficiais do Munic\u00edpio s\u00e3o publicados no Di\u00e1rio Oficial Eletr\u00f4nico.<\/p><\/div>\n  <\/div>\n\n  <div class=\"faq-item\">\n    <button class=\"faq-question\">Onde encontro o contato e hor\u00e1rios dos \u00f3rg\u00e3os da Prefeitura?<span class=\"icon\"><\/span><\/button>\n    <div class=\"faq-answer\"><p>As informa\u00e7\u00f5es est\u00e3o dispon\u00edveis no menu Contato \/ Secretarias e \u00d3rg\u00e3os.<\/p><\/div>\n  <\/div>\n\n  <div class=\"faq-item\">\n    <button class=\"faq-question\">H\u00e1 informa\u00e7\u00f5es sobre Dados Abertos no Portal?<span class=\"icon\"><\/span><\/button>\n    <div class=\"faq-answer\"><p>Sim, as informa\u00e7\u00f5es est\u00e3o dispon\u00edveis no menu Dados Abertos do Portal da Transpar\u00eancia.<\/p><\/div>\n  <\/div>\n\n  <div class=\"faq-item\">\n    <button class=\"faq-question\">A Prefeitura disponibiliza informa\u00e7\u00f5es sobre a COVID-19?<span class=\"icon\"><\/span><\/button>\n    <div class=\"faq-answer\"><p>Sim. As informa\u00e7\u00f5es est\u00e3o dispon\u00edveis no banner: TRANSPAR\u00caNCIA \u2013 Munic\u00edpio Contra Coronav\u00edrus.<\/p><\/div>\n  <\/div>\n\n  <div class=\"faq-item\">\n    <button class=\"faq-question\">Onde posso consultar o Plano de Governo?<span class=\"icon\"><\/span><\/button>\n    <div class=\"faq-answer\"><p>O Plano de Governo est\u00e1 dispon\u00edvel no menu Plano de Governo.<\/p><\/div>\n  <\/div>\n\n  <div class=\"faq-item\">\n    <button class=\"faq-question\">H\u00e1 informa\u00e7\u00f5es sobre gastos com di\u00e1rias?<span class=\"icon\"><\/span><\/button>\n    <div class=\"faq-answer\"><p>Sim, no menu Despesas, item Despesas com Viagens (Di\u00e1rias).<\/p><\/div>\n  <\/div>\n\n  <div class=\"faq-item\">\n    <button class=\"faq-question\">Existem gastos com cart\u00e3o corporativo?<span class=\"icon\"><\/span><\/button>\n    <div class=\"faq-answer\"><p>A Prefeitura n\u00e3o possui cart\u00e3o corporativo.<\/p><\/div>\n  <\/div>\n\n  <div class=\"faq-item\">\n    <button class=\"faq-question\">Onde encontro informa\u00e7\u00f5es sobre a LGPD?<span class=\"icon\"><\/span><\/button>\n    <div class=\"faq-answer\"><p>As informa\u00e7\u00f5es relacionadas \u00e0 LGPD est\u00e3o dispon\u00edveis no menu Contato \/ LGPD.<\/p><\/div>\n  <\/div>\n\n<\/div>\n\n<style>\n.portal-faq{max-width:900px;margin:auto}\n.faq-item{border:1px solid #ddd;border-radius:6px;margin-bottom:10px;overflow:hidden}\n.faq-question{width:100%;padding:16px 20px;background:#f7f7f7;border:none;font-size:16px;font-weight:600;text-align:left;cursor:pointer;display:flex;justify-content:space-between;align-items:center}\n.faq-question:hover{background:#eee}\n.icon{width:12px;height:12px;border-right:2px solid #444;border-bottom:2px solid #444;transform:rotate(45deg);transition:.3s}\n.faq-item.active .icon{transform:rotate(-135deg)}\n.faq-answer{max-height:0;overflow:hidden;padding:0 20px;transition:max-height .35s ease}\n.faq-item.active .faq-answer{max-height:500px;padding-bottom:15px}\n.faq-answer p{margin-top:12px;line-height:1.6}\n<\/style>\n\n<script>\ndocument.querySelectorAll('.faq-question').forEach(btn=>{\n  btn.addEventListener('click',()=>{\n    const item=btn.parentElement;\n    document.querySelectorAll('.faq-item').forEach(i=>{\n      if(i!==item)i.classList.remove('active');\n    });\n    item.classList.toggle('active');\n  });\n});\n<\/script>\n\n","protected":false},"excerpt":{"rendered":"<p>Quem deve divulgar os dados nas p\u00e1ginas de transpar\u00eancia? Todos os \u00f3rg\u00e3os e entidades da Administra\u00e7\u00e3o Direta e Indireta (Autarquias, Funda\u00e7\u00f5es, Empresas P\u00fablicas e Sociedades de Economia Mista) do Poder Executivo devem manter, em seus s\u00edtios na Internet, P\u00e1ginas de Transpar\u00eancia P\u00fablica. Por que o Portal Transpar\u00eancia foi criado? Para atender a demanda de informa\u00e7\u00f5es [&#8230;]<\/p>\n<p><a class=\"btn btn-secondary understrap-read-more-link\" href=\"https:\/\/transparenciagov.com.br\/pm\/santa-terezinha-site\/perguntas-frequentes\/\">Leia mais&#8230;<\/a><\/p>\n","protected":false},"author":1,"featured_media":0,"parent":0,"menu_order":0,"comment_status":"closed","ping_status":"closed","template":"","meta":{"footnotes":""},"class_list":["post-27","page","type-page","status-publish","hentry"],"_links":{"self":[{"href":"https:\/\/transparenciagov.com.br\/pm\/santa-terezinha-site\/wp-json\/wp\/v2\/pages\/27","targetHints":{"allow":["GET"]}}],"collection":[{"href":"https:\/\/transparenciagov.com.br\/pm\/santa-terezinha-site\/wp-json\/wp\/v2\/pages"}],"about":[{"href":"https:\/\/transparenciagov.com.br\/pm\/santa-terezinha-site\/wp-json\/wp\/v2\/types\/page"}],"author":[{"embeddable":true,"href":"https:\/\/transparenciagov.com.br\/pm\/santa-terezinha-site\/wp-json\/wp\/v2\/users\/1"}],"replies":[{"embeddable":true,"href":"https:\/\/transparenciagov.com.br\/pm\/santa-terezinha-site\/wp-json\/wp\/v2\/comments?post=27"}],"version-history":[{"count":4,"href":"https:\/\/transparenciagov.com.br\/pm\/santa-terezinha-site\/wp-json\/wp\/v2\/pages\/27\/revisions"}],"predecessor-version":[{"id":31,"href":"https:\/\/transparenciagov.com.br\/pm\/santa-terezinha-site\/wp-json\/wp\/v2\/pages\/27\/revisions\/31"}],"wp:attachment":[{"href":"https:\/\/transparenciagov.com.br\/pm\/santa-terezinha-site\/wp-json\/wp\/v2\/media?parent=27"}],"curies":[{"name":"wp","href":"https:\/\/api.w.org\/{rel}","templated":true}]}}