{"id":9,"date":"2026-01-23T13:37:42","date_gmt":"2026-01-23T16:37:42","guid":{"rendered":"https:\/\/transparenciagov.com.br\/pm\/santa-terezinha-site\/?page_id=9"},"modified":"2026-01-23T13:37:42","modified_gmt":"2026-01-23T16:37:42","slug":"historia","status":"publish","type":"page","link":"https:\/\/transparenciagov.com.br\/pm\/santa-terezinha-site\/historia\/","title":{"rendered":"Hist\u00f3ria"},"content":{"rendered":"\n<p><strong>Hist\u00f3ria do Munic\u00edpio de Santa Terezinha<\/strong><\/p>\n\n\n\n<p>O povoado de Santa Terezinha foi fundado no ano de 1929. Foi o com\u00e9rcio que deu origem ao munic\u00edpio, quando os comerciantes de S\u00e3o Jos\u00e9 do Egito negociavam em Imaculada-PB. Devido a os altos impostos cobrados por fiscais de Teixeira-PB, por esse motivos uns comerciantes resolveram fazer uma feira aqui, tendo como principais comerciantes:Jos\u00e9 Rom\u00e3o de Ara\u00fajo,Jos\u00e9 David de Vasconcelos,Manoel Veras,Nilo Veras,Napole\u00e3o Florentino, C\u00edcero Macena, Jos\u00e9 Alves de Melo. No dia 29 de maio de 1929 foi realizada a primeira feira livre. Ainda no mesmo dia foi celebrada a 1\u00aa missa presidida pelo saudoso Mons. Pe. Sebasti\u00e3o Ferreira Rabelo debaixo de um sombre\u00e3o, na propriedade da fam\u00edlia Virgulino.<br><br>Nossa 1\u00aa professora foi: No instituto S\u00e3o Jos\u00e9 no ano de 1938. O primeiro nome dado ao povoado foi \u201cCaldeir\u00e3o das bestas\u201d, devido um tanque que existia nas terras da fam\u00edlia acima mencionada; e nesse tanque morriam muitas bestas devido o mesmo ser escorregadio no seu acesso \u00e0 \u00e1gua pra beber. O 2\u00aa nome foi \u201cFeira Nova\u201d em virtude da primeira feira. O 3\u00aa nome \u00e9 Santa Terezinha foi sugerido pelo Pe. Sebasti\u00e3o Rabelo em comum acordo com os demais habitantes. As Primeiras resid\u00eancias nesta cidade foram as do Sr. Virgulino Jos\u00e9 dos Santos, Jos\u00e9 Domingos dos Santos, Joaquim Martins. No in\u00edcio desta forma\u00e7\u00e3o existia tr\u00eas casas populares come\u00e7ando a surgir as primeiras edifica\u00e7\u00f5es, quando foi constru\u00eddo um armaz\u00e9m pelo Senhor Nozinho Rom\u00e3o. Este povoado ficou sob o dom\u00ednio de S\u00e3o Jos\u00e9 do Egito at\u00e9 o dia 20 de dezembro de 1963 quando se deu a emancipa\u00e7\u00e3o pol\u00edtica. Quando foi elevada \u00e0 cidade pela LEI N\u00ba 4990 de 20 de dezembro de 1963, pelas as m\u00e3os do saudoso Governador Miguel Arraes de Alencar; foi nomeado prefeito interino o Sr. Jo\u00e3o Ferreira Silva(Seu Joca Baldu\u00edno conhecido como o M\u00e9dico dos pobres)e para delegado o Sr. Rodrigo Bezerra da Silva.<br><br>Administrativamente, o munic\u00edpio \u00e9 composto pelo distrito sede e pelos povoados Vila do Tigre e Vila de F\u00e1tima(Serra do Machado). Anualmente, no dia 10 de janeiro a cidade comemora a sua emancipa\u00e7\u00e3o pol\u00edtica.<\/p>\n","protected":false},"excerpt":{"rendered":"<p>Hist\u00f3ria do Munic\u00edpio de Santa Terezinha O povoado de Santa Terezinha foi fundado no ano de 1929. Foi o com\u00e9rcio que deu origem ao munic\u00edpio, quando os comerciantes de S\u00e3o Jos\u00e9 do Egito negociavam em Imaculada-PB. Devido a os altos impostos cobrados por fiscais de Teixeira-PB, por esse motivos uns comerciantes resolveram fazer uma feira [&#8230;]<\/p>\n<p><a class=\"btn btn-secondary understrap-read-more-link\" href=\"https:\/\/transparenciagov.com.br\/pm\/santa-terezinha-site\/historia\/\">Leia mais&#8230;<\/a><\/p>\n","protected":false},"author":1,"featured_media":0,"parent":0,"menu_order":0,"comment_status":"closed","ping_status":"closed","template":"","meta":{"footnotes":""},"class_list":["post-9","page","type-page","status-publish","hentry"],"_links":{"self":[{"href":"https:\/\/transparenciagov.com.br\/pm\/santa-terezinha-site\/wp-json\/wp\/v2\/pages\/9","targetHints":{"allow":["GET"]}}],"collection":[{"href":"https:\/\/transparenciagov.com.br\/pm\/santa-terezinha-site\/wp-json\/wp\/v2\/pages"}],"about":[{"href":"https:\/\/transparenciagov.com.br\/pm\/santa-terezinha-site\/wp-json\/wp\/v2\/types\/page"}],"author":[{"embeddable":true,"href":"https:\/\/transparenciagov.com.br\/pm\/santa-terezinha-site\/wp-json\/wp\/v2\/users\/1"}],"replies":[{"embeddable":true,"href":"https:\/\/transparenciagov.com.br\/pm\/santa-terezinha-site\/wp-json\/wp\/v2\/comments?post=9"}],"version-history":[{"count":1,"href":"https:\/\/transparenciagov.com.br\/pm\/santa-terezinha-site\/wp-json\/wp\/v2\/pages\/9\/revisions"}],"predecessor-version":[{"id":10,"href":"https:\/\/transparenciagov.com.br\/pm\/santa-terezinha-site\/wp-json\/wp\/v2\/pages\/9\/revisions\/10"}],"wp:attachment":[{"href":"https:\/\/transparenciagov.com.br\/pm\/santa-terezinha-site\/wp-json\/wp\/v2\/media?parent=9"}],"curies":[{"name":"wp","href":"https:\/\/api.w.org\/{rel}","templated":true}]}}